{"id":26,"date":"2023-04-11T21:55:31","date_gmt":"2023-04-11T19:55:31","guid":{"rendered":"https:\/\/gutshaus-renz.de\/?page_id=26"},"modified":"2023-04-11T22:28:39","modified_gmt":"2023-04-11T20:28:39","slug":"willkommen-im-guthaus-renz","status":"publish","type":"page","link":"https:\/\/gutshaus-renz.de\/","title":{"rendered":"Willkommen im Guthaus Renz"},"content":{"rendered":"\n<figure class=\"wp-block-gallery has-nested-images columns-default is-cropped wp-block-gallery-1 is-layout-flex\">\n<figure class=\"wp-block-image size-large\"><img decoding=\"async\" loading=\"lazy\" width=\"474\" height=\"316\" data-id=\"15\"  src=\"https:\/\/gutshaus-renz.de\/wp-content\/uploads\/2023\/04\/renz3.jpg\" alt=\"\" class=\"wp-image-15\" srcset=\"https:\/\/gutshaus-renz.de\/wp-content\/uploads\/2023\/04\/renz3.jpg 474w, https:\/\/gutshaus-renz.de\/wp-content\/uploads\/2023\/04\/renz3-300x200.jpg 300w\" sizes=\"(max-width: 474px) 100vw, 474px\" \/><\/figure>\n\n\n\n<figure class=\"wp-block-image size-large\"><img decoding=\"async\" loading=\"lazy\" width=\"474\" height=\"316\" data-id=\"14\"  src=\"https:\/\/gutshaus-renz.de\/wp-content\/uploads\/2023\/04\/renz1.jpg\" alt=\"\" class=\"wp-image-14\" srcset=\"https:\/\/gutshaus-renz.de\/wp-content\/uploads\/2023\/04\/renz1.jpg 474w, https:\/\/gutshaus-renz.de\/wp-content\/uploads\/2023\/04\/renz1-300x200.jpg 300w\" sizes=\"(max-width: 474px) 100vw, 474px\" \/><\/figure>\n\n\n\n<figure class=\"wp-block-image size-large\"><img decoding=\"async\" loading=\"lazy\" width=\"474\" height=\"316\" data-id=\"13\"  src=\"https:\/\/gutshaus-renz.de\/wp-content\/uploads\/2023\/04\/renz2.jpg\" alt=\"\" class=\"wp-image-13\" srcset=\"https:\/\/gutshaus-renz.de\/wp-content\/uploads\/2023\/04\/renz2.jpg 474w, https:\/\/gutshaus-renz.de\/wp-content\/uploads\/2023\/04\/renz2-300x200.jpg 300w\" sizes=\"(max-width: 474px) 100vw, 474px\" \/><\/figure>\n<\/figure>\n\n\n\n<div class=\"wp-block-columns alignwide has-medium-font-size is-layout-flex wp-container-5\" style=\"border-style:none;border-width:0px;border-radius:0px;padding-top:0;padding-right:0;padding-bottom:0;padding-left:0\">\n<div class=\"wp-block-column is-layout-flow\">\n<h2 class=\"wp-block-heading\">Historie<\/h2>\n\n\n\n<figure class=\"wp-block-image size-full\"><img decoding=\"async\" loading=\"lazy\" width=\"474\" height=\"316\" src=\"https:\/\/gutshaus-renz.de\/wp-content\/uploads\/2023\/04\/renz1.jpg\" alt=\"\" class=\"wp-image-14\" srcset=\"https:\/\/gutshaus-renz.de\/wp-content\/uploads\/2023\/04\/renz1.jpg 474w, https:\/\/gutshaus-renz.de\/wp-content\/uploads\/2023\/04\/renz1-300x200.jpg 300w\" sizes=\"(max-width: 474px) 100vw, 474px\" \/><\/figure>\n<\/div>\n\n\n\n<div class=\"wp-block-column is-layout-flow\">\n<p>Das Gutshaus Renz geh\u00f6rt zu den \u00e4ltesten Gutsh\u00e4usern R\u00fcgens und wurde um 1600 als Festes Haus f\u00fcr Ritter Erich von Kahlden, zeitweise Landvogt von R\u00fcgen, errichtet. Es liegt in der N\u00e4he von Garz im S\u00fcdosten R\u00fcgens etwas abseits der lauten Urlauberzentren.<\/p>\n\n\n\n<p>Seine wechselvolle Geschichte sieht man dem Haus an. \u00dcber 300 Jahre lang war es Mittelpunkt eines gro\u00dfen Adelsgutes mit L\u00e4ndereien und Wirtschaftsgeb\u00e4uden. 1945 geh\u00f6rte Gut Renz mit 371 ha Land der Familie von der Lancken, die dann enteignet wurde. Danach diente es kurze Zeit als sowjetischer St\u00fctzpunkt, darauf dann als Notunterkunft f\u00fcr Fl\u00fcchtlinge und Vertriebene.<\/p>\n\n\n\n<p>Dass es in seiner heutigen Form die DDR-Zeit \u00fcberstanden hat und noch existiert ist auch seinen Bewohnern und der Gemeinde Poseritz zu verdanken, die es mit den eingeschr\u00e4nkten M\u00f6glichkeiten der Zeit unterhielten und verhinderten, dass es &#8211; wie viele andere Gutsh\u00e4user &#8211; zur Ruine verkam.<\/p>\n\n\n\n<p>Seit 2001 wird es vom Architekten Tom Pfefferkorn gesichert und behutsam in Stand gesetzt. Dabei liegt der Fokus auf der Sicherung der vorhandenen Substanz und der Wiederherstellung der historischen Strukturen im Haus und angrenzenden Park.<\/p>\n<\/div>\n<\/div>\n\n\n\n<div class=\"wp-block-columns alignwide is-layout-flex wp-container-8\">\n<div class=\"wp-block-column is-layout-flow\">\n<h2 class=\"wp-block-heading\">\u00dcber die Anlage<\/h2>\n\n\n\n<figure class=\"wp-block-image size-full\"><img decoding=\"async\" loading=\"lazy\" width=\"800\" height=\"600\" src=\"https:\/\/gutshaus-renz.de\/wp-content\/uploads\/2023\/04\/renz_park.jpg\" alt=\"\" class=\"wp-image-12\" srcset=\"https:\/\/gutshaus-renz.de\/wp-content\/uploads\/2023\/04\/renz_park.jpg 800w, https:\/\/gutshaus-renz.de\/wp-content\/uploads\/2023\/04\/renz_park-300x225.jpg 300w, https:\/\/gutshaus-renz.de\/wp-content\/uploads\/2023\/04\/renz_park-768x576.jpg 768w\" sizes=\"(max-width: 800px) 100vw, 800px\" \/><\/figure>\n<\/div>\n\n\n\n<div class=\"wp-block-column is-layout-flow\">\n<p>Die meisten Wirtschaftsgeb\u00e4ude des ehemaligen Gutes sind heute nicht mehr vorhanden, einzig der direkt n\u00f6rdlich angrenzende Anbau ist heute noch vorhanden.<\/p>\n\n\n\n<p>Um das Haus erstreckt sich ein etwa drei Hektar gro\u00dfer Park mit zwei Teichen, einigen seltenen Geh\u00f6lzen und Pflanzen.<\/p>\n\n\n\n<p>Die nach 1945 verwilderten und mit dichtem Gestr\u00fcpp und hohem Gras bewachsenen naturbelassenen Bereiche bieten einer vielf\u00e4ltigen Tier- und Pflanzenwelt ungest\u00f6rten Lebensraum. So finden sich neben Rotmilan, Eule, Graureiher und Fledermaus auch Fuchs, Reh, Hase und Wildschwein im Park.<\/p>\n<\/div>\n<\/div>\n\n\n\n<div class=\"wp-block-columns alignwide is-layout-flex wp-container-11\">\n<div class=\"wp-block-column is-layout-flow\">\n<h2 class=\"wp-block-heading\">Ferienwohnungen<\/h2>\n<\/div>\n\n\n\n<div class=\"wp-block-column is-layout-flow\">\n<p>Hier k\u00f6nnte etwas \u00fcber die Ferienwohnungen stehen.<\/p>\n<\/div>\n<\/div>\n\n\n\n<div class=\"wp-block-columns alignwide is-layout-flex wp-container-14\">\n<div class=\"wp-block-column is-layout-flow\">\n<h2 class=\"wp-block-heading\">Anreise<\/h2>\n\n\n\n<div class=\"leaflet-map WPLeafletMap\" style=\"height:250px; width:100%;\"><\/div><script>\nwindow.WPLeafletMapPlugin = window.WPLeafletMapPlugin || [];\nwindow.WPLeafletMapPlugin.push(function WPLeafletMapShortcode() {\/*<script>*\/\nvar baseUrl = atob('aHR0cHM6Ly97c30udGlsZS5vcGVuc3RyZWV0bWFwLm9yZy97en0ve3h9L3t5fS5wbmc=');\nvar base = (!baseUrl && window.MQ) ? \n    window.MQ.mapLayer() : L.tileLayer(baseUrl, \n        L.Util.extend({}, {\n            detectRetina: 0,\n        }, \n        {\"subdomains\":\"abc\",\"noWrap\":false}        )\n    );\n    var options = L.Util.extend({}, {\n        layers: [base],\n        attributionControl: false\n    }, \n    {\"zoomControl\":false,\"scrollWheelZoom\":true,\"doubleClickZoom\":false,\"fitBounds\":false,\"minZoom\":0,\"maxZoom\":19,\"maxBounds\":null,\"attribution\":\"<a href=\\\"http:\\\/\\\/leafletjs.com\\\" title=\\\"A JS library for interactive maps\\\">Leaflet<\\\/a>; \\u00a9 <a href=\\\"http:\\\/\\\/www.openstreetmap.org\\\/copyright\\\">OpenStreetMap<\\\/a> contributors\"}, \n    {});\nwindow.WPLeafletMapPlugin.createMap(options).setView([54.3032,13.3383],16);});<\/script>\n\n\n\n<script>\nwindow.WPLeafletMapPlugin = window.WPLeafletMapPlugin || [];\nwindow.WPLeafletMapPlugin.push(function WPLeafletMarkerShortcode() {\/*<script>*\/\nvar map = window.WPLeafletMapPlugin.getCurrentMap();\nvar group = window.WPLeafletMapPlugin.getCurrentGroup();\nvar marker_options = window.WPLeafletMapPlugin.getIconOptions({});\nvar marker = L.marker(\n    [54.3032,13.3383], \n    marker_options\n);\nvar is_image = map.is_image_map;\nif (marker_options.draggable) {\n    marker.on('dragend', function () {\n        var latlng = this.getLatLng();\n        var lat = latlng.lat;\n        var lng = latlng.lng;\n        if (is_image) {\n            console.log('leaflet-marker y=' + lat + ' x=' + lng);\n        } else {\n            console.log('leaflet-marker lat=' + lat + ' lng=' + lng);\n        }\n    });\n}\nmarker.addTo( group );\nwindow.WPLeafletMapPlugin.markers.push( marker );\n        });<\/script>\n<\/div>\n\n\n\n<div class=\"wp-block-column is-layout-flow\">\n<p><strong>Auf der Schiene<\/strong>: Der Bahnhof von Samtens ist 7 km entfernt, dort verkehren st\u00fcndliche Regionalz\u00fcge nach Stralsund wo Fernverkehrsanschluss besteht. Zwischen Garz und Samtens fahren Busse, die restlichen 2 km sind fu\u00dfl\u00e4ufig erreichbar.<\/p>\n\n\n\n<p><strong>Auf dem Wasser<\/strong>: N\u00e4chster Hafen ist der Hafen Puddemin.<\/p>\n\n\n\n<p><strong>Auf der Stra\u00dfe (mit dem Fahrrad)<\/strong>: Vom Ostseeradweg (D2) auf dem Abschnitt Stralsund &#8211; Greifswald f\u00fchren zwei Wege nach Renz. Einerseits \u00fcber den R\u00fcgendamm in Stralsund, dann weiter \u00fcber Gustow und Poseritz nach Swantow. Andererseits von Rheinberg \u00fcber die R\u00fcgenf\u00e4hre (Webseite), Zudar und Puddemin auf ausgebauten Radwegen.<\/p>\n\n\n\n<p><strong>Auf der Stra\u00dfe (mit dem Auto):<\/strong> \u00dcber R\u00fcgendamm oder R\u00fcgenf\u00e4hre Stahlbrode\/Glewitz und Swantow oder von Samtens \u00fcber Garz.<\/p>\n\n\n\n<p>Fahrr\u00e4der parken direkt am Haus, f\u00fcr Autos gibt es einen Parkplatz nahe der Einfahrt.<\/p>\n<\/div>\n<\/div>\n\n\n\n<p><\/p>\n","protected":false},"excerpt":{"rendered":"<p>Historie Das Gutshaus Renz geh\u00f6rt zu den \u00e4ltesten Gutsh\u00e4usern R\u00fcgens und wurde um 1600 als Festes Haus f\u00fcr Ritter Erich von Kahlden, zeitweise Landvogt von R\u00fcgen, errichtet. Es liegt in der N\u00e4he von Garz im S\u00fcdosten R\u00fcgens etwas abseits der lauten Urlauberzentren. Seine wechselvolle Geschichte sieht man dem Haus an. \u00dcber 300 Jahre lang war [&hellip;]<\/p>\n","protected":false},"author":1,"featured_media":0,"parent":0,"menu_order":0,"comment_status":"closed","ping_status":"closed","template":"","meta":[],"_links":{"self":[{"href":"https:\/\/gutshaus-renz.de\/index.php?rest_route=\/wp\/v2\/pages\/26"}],"collection":[{"href":"https:\/\/gutshaus-renz.de\/index.php?rest_route=\/wp\/v2\/pages"}],"about":[{"href":"https:\/\/gutshaus-renz.de\/index.php?rest_route=\/wp\/v2\/types\/page"}],"author":[{"embeddable":true,"href":"https:\/\/gutshaus-renz.de\/index.php?rest_route=\/wp\/v2\/users\/1"}],"replies":[{"embeddable":true,"href":"https:\/\/gutshaus-renz.de\/index.php?rest_route=%2Fwp%2Fv2%2Fcomments&post=26"}],"version-history":[{"count":10,"href":"https:\/\/gutshaus-renz.de\/index.php?rest_route=\/wp\/v2\/pages\/26\/revisions"}],"predecessor-version":[{"id":43,"href":"https:\/\/gutshaus-renz.de\/index.php?rest_route=\/wp\/v2\/pages\/26\/revisions\/43"}],"wp:attachment":[{"href":"https:\/\/gutshaus-renz.de\/index.php?rest_route=%2Fwp%2Fv2%2Fmedia&parent=26"}],"curies":[{"name":"wp","href":"https:\/\/api.w.org\/{rel}","templated":true}]}}